{"id":126,"date":"2023-06-24T11:15:57","date_gmt":"2023-06-24T11:15:57","guid":{"rendered":"https:\/\/shop.quizmacher.ch\/?page_id=126"},"modified":"2025-05-24T08:45:38","modified_gmt":"2025-05-24T08:45:38","slug":"126-2","status":"publish","type":"page","link":"https:\/\/shop.quizmacher.ch\/","title":{"rendered":"Monatsquiz kaufen"},"content":{"rendered":"<p>[et_pb_section fb_built=&#8221;1&#8243; admin_label=&#8221;Header&#8221; _builder_version=&#8221;4.16&#8243; use_background_color_gradient=&#8221;on&#8221; background_color_gradient_direction=&#8221;90deg&#8221; background_color_gradient_stops=&#8221;#000000 50%|#ffc500 50%&#8221; background_color_gradient_overlays_image=&#8221;on&#8221; background_color_gradient_start=&#8221;#000000&#8243; background_color_gradient_start_position=&#8221;50%&#8221; background_color_gradient_end=&#8221;#ffc500&#8243; background_color_gradient_end_position=&#8221;0%&#8221; overflow-x=&#8221;hidden&#8221; overflow-y=&#8221;hidden&#8221; background_last_edited=&#8221;off|phone&#8221; background_color_gradient_stops_phone=&#8221;#1100ad 50%|#ffc500 50%&#8221; background_color_gradient_start_phone=&#8221;#1100ad&#8221; locked=&#8221;off&#8221; collapsed=&#8221;on&#8221; global_colors_info=&#8221;{}&#8221; background_color_gradient_start_phone_preview_phone=&#8221;#392ff5&#8243;][et_pb_row _builder_version=&#8221;4.18.0&#8243; width=&#8221;90%&#8221; global_colors_info=&#8221;{}&#8221;][et_pb_column type=&#8221;4_4&#8243; _builder_version=&#8221;4.16&#8243; global_colors_info=&#8221;{}&#8221;][et_pb_image src=&#8221;https:\/\/shop.quizmacher.ch\/wp-content\/uploads\/2023\/06\/fitness-coach-22.png&#8221; title_text=&#8221;fitness-coach-22&#8243; _builder_version=&#8221;4.18.0&#8243; positioning=&#8221;absolute&#8221; position_origin_a=&#8221;top_center&#8221; width=&#8221;700px&#8221; max_width=&#8221;100%&#8221; global_colors_info=&#8221;{}&#8221;][\/et_pb_image][et_pb_image src=&#8221;https:\/\/shop.quizmacher.ch\/wp-content\/uploads\/2023\/06\/Gruppe-tisch-bunt.png&#8221; title_text=&#8221;Gruppe-tisch-bunt&#8221; align=&#8221;center&#8221; disabled_on=&#8221;off|off|off&#8221; _builder_version=&#8221;4.18.0&#8243; z_index=&#8221;1&#8243; custom_margin=&#8221;30px||||false|false&#8221; scroll_vertical_motion=&#8221;0|50|50|100|0|0|1&#8243; scroll_scaling_enable=&#8221;on&#8221; scroll_scaling=&#8221;0|50|50|100|100%|100|80%&#8221; global_colors_info=&#8221;{}&#8221;][\/et_pb_image][et_pb_text _builder_version=&#8221;4.18.0&#8243; text_font=&#8221;||on||||||&#8221; text_text_color=&#8221;#FFFFFF&#8221; header_font=&#8221;Montserrat|900||on|||||&#8221; header_text_color=&#8221;#FFF347&#8243; header_font_size=&#8221;130px&#8221; header_letter_spacing=&#8221;0.1em&#8221; z_index=&#8221;2&#8243; text_orientation=&#8221;center&#8221; background_layout=&#8221;dark&#8221; custom_margin=&#8221;-38%||0px||false|false&#8221; custom_padding=&#8221;|24%|||false|false&#8221; mix_blend_mode=&#8221;luminosity&#8221; scroll_horizontal_motion_enable=&#8221;on&#8221; scroll_horizontal_motion=&#8221;0|50|50|100|0|0|-1&#8243; header_font_size_tablet=&#8221;50px&#8221; header_font_size_phone=&#8221;25px&#8221; header_font_size_last_edited=&#8221;on|phone&#8221; text_text_shadow_style=&#8221;preset3&#8243; text_text_shadow_vertical_length=&#8221;2.5em&#8221; text_text_shadow_blur_strength=&#8221;4em&#8221; text_text_shadow_color=&#8221;rgba(0,0,0,0.48)&#8221; global_colors_info=&#8221;{}&#8221;]<\/p>\n<h1>PUBQUIZ 7\/23<\/h1>\n<p>[\/et_pb_text][et_pb_text _builder_version=&#8221;4.18.0&#8243; text_font=&#8221;||on||||||&#8221; header_font=&#8221;Montserrat|900|||||||&#8221; header_font_size=&#8221;61px&#8221; header_letter_spacing=&#8221;0.05em&#8221; z_index=&#8221;68&#8243; text_orientation=&#8221;center&#8221; background_layout=&#8221;dark&#8221; scroll_horizontal_motion_enable=&#8221;on&#8221; scroll_horizontal_motion=&#8221;0|30|30|100|0|0|1&#8243; header_font_size_tablet=&#8221;80px&#8221; header_font_size_phone=&#8221;35px&#8221; header_font_size_last_edited=&#8221;on|phone&#8221; text_text_shadow_style=&#8221;preset3&#8243; text_text_shadow_vertical_length=&#8221;2em&#8221; text_text_shadow_blur_strength=&#8221;5em&#8221; text_text_shadow_color=&#8221;rgba(0,0,0,0.3)&#8221; global_colors_info=&#8221;{}&#8221;]<\/p>\n<h1>\u00ab GURTEN, GURKEN, WASSERSPASS\u00bb.<\/h1>\n<p>[\/et_pb_text][\/et_pb_column][\/et_pb_row][et_pb_row column_structure=&#8221;1_2,1_2&#8243; _builder_version=&#8221;4.16&#8243; width=&#8221;90%&#8221; global_colors_info=&#8221;{}&#8221;][et_pb_column type=&#8221;1_2&#8243; _builder_version=&#8221;4.16&#8243; global_colors_info=&#8221;{}&#8221;][et_pb_text _builder_version=&#8221;4.18.0&#8243; _module_preset=&#8221;default&#8221; background_color=&#8221;#000000&#8243; hover_enabled=&#8221;0&#8243; global_colors_info=&#8221;{}&#8221; disabled_on=&#8221;off|on|on&#8221; sticky_enabled=&#8221;0&#8243;]<\/p>\n<p><span style=\"color: #00ccff;\"><strong>Nur jetzt mit Sommer-Spezialrabatt (- 63%)<\/strong><\/span><\/p>\n<p>[\/et_pb_text][\/et_pb_column][et_pb_column type=&#8221;1_2&#8243; _builder_version=&#8221;4.16&#8243; global_colors_info=&#8221;{}&#8221;][et_pb_button button_url=&#8221;https:\/\/buy.stripe.com\/9AQaG17bH6fZdQAaEG&#8221; button_text=&#8221;CHF 25.\u2013 (statt 69.-)&#8221; button_alignment=&#8221;right&#8221; _builder_version=&#8221;4.18.0&#8243; custom_button=&#8221;on&#8221; button_text_size=&#8221;36px&#8221; button_text_color=&#8221;#66EB00&#8243; button_bg_color=&#8221;#ffffff&#8221; button_border_width=&#8221;0px&#8221; button_border_radius=&#8221;0px&#8221; button_font=&#8221;Montserrat|900|on||||||&#8221; button_use_icon=&#8221;off&#8221; custom_padding=&#8221;15px|50px|15px|50px|true|true&#8221; scroll_horizontal_motion_enable=&#8221;on&#8221; scroll_horizontal_motion=&#8221;0|50|50|100|0.5|0|-0.5&#8243; hover_enabled=&#8221;0&#8243; button_text_size_tablet=&#8221;30px&#8221; button_text_size_phone=&#8221;24px&#8221; button_text_size_last_edited=&#8221;on|phone&#8221; button_text_color_last_edited=&#8221;off|desktop&#8221; locked=&#8221;off&#8221; global_colors_info=&#8221;{}&#8221; button_text_color__hover_enabled=&#8221;on|hover&#8221; button_text_color__hover=&#8221;#000000&#8243; sticky_enabled=&#8221;0&#8243;][\/et_pb_button][\/et_pb_column][\/et_pb_row][\/et_pb_section][et_pb_section fb_built=&#8221;1&#8243; admin_label=&#8221;Services&#8221; _builder_version=&#8221;4.16&#8243; background_color=&#8221;#000000&#8243; locked=&#8221;off&#8221; collapsed=&#8221;on&#8221; global_colors_info=&#8221;{}&#8221;][et_pb_row column_structure=&#8221;1_3,1_3,1_3&#8243; _builder_version=&#8221;4.16&#8243; custom_margin=&#8221;50px||0px||false|false&#8221; locked=&#8221;off&#8221; global_colors_info=&#8221;{}&#8221;][et_pb_column type=&#8221;1_3&#8243; _builder_version=&#8221;4.16&#8243; global_colors_info=&#8221;{}&#8221;][et_pb_blurb title=&#8221;DO IT YOURSELF!&#8221; image=&#8221;https:\/\/shop.quizmacher.ch\/wp-content\/uploads\/2023\/06\/icon_woman_dark_transp.png&#8221; image_icon_width=&#8221;69%&#8221; _builder_version=&#8221;4.18.0&#8243; header_font=&#8221;Montserrat|900|on||||||&#8221; header_text_color=&#8221;#FFFFFF&#8221; header_font_size=&#8221;30px&#8221; header_line_height=&#8221;1.2em&#8221; body_font=&#8221;Montserrat||||||||&#8221; body_font_size=&#8221;16px&#8221; body_line_height=&#8221;1.8em&#8221; text_orientation=&#8221;center&#8221; background_layout=&#8221;dark&#8221; custom_margin=&#8221;||10px||false|false&#8221; animation=&#8221;off&#8221; header_font_size_phone=&#8221;20px&#8221; body_font_size_tablet=&#8221;15px&#8221; body_font_size_phone=&#8221;14px&#8221; body_font_size_last_edited=&#8221;on|phone&#8221; global_colors_info=&#8221;{}&#8221;]<\/p>\n<p>Dein Quizpaket zum Selber-Moderieren<\/p>\n<p>[\/et_pb_blurb][\/et_pb_column][et_pb_column type=&#8221;1_3&#8243; _builder_version=&#8221;4.16&#8243; global_colors_info=&#8221;{}&#8221;][et_pb_blurb title=&#8221;MATERIALIEN BEREIT!&#8221; image=&#8221;https:\/\/shop.quizmacher.ch\/wp-content\/uploads\/2023\/06\/dome6426_multimedia_documents_icon_gamercore_flickr_darkly_come_998343f6-deee-4906-ab90-6b2a219b479c-300&#215;300.png&#8221; image_icon_width=&#8221;69%&#8221; _builder_version=&#8221;4.18.0&#8243; header_font=&#8221;Montserrat|900|on||||||&#8221; header_text_color=&#8221;#FFFFFF&#8221; header_font_size=&#8221;30px&#8221; header_line_height=&#8221;1.2em&#8221; body_font=&#8221;Montserrat||||||||&#8221; body_font_size=&#8221;16px&#8221; body_line_height=&#8221;1.8em&#8221; text_orientation=&#8221;center&#8221; background_layout=&#8221;dark&#8221; custom_margin=&#8221;||10px||false|false&#8221; animation=&#8221;off&#8221; header_font_size_phone=&#8221;20px&#8221; body_font_size_tablet=&#8221;15px&#8221; body_font_size_phone=&#8221;14px&#8221; body_font_size_last_edited=&#8221;on|phone&#8221; locked=&#8221;off&#8221; global_colors_info=&#8221;{}&#8221;]<\/p>\n<p>Materialien als PDF zum Ausdrucken inkl. Link zum Pr\u00e4sentieren auf Beamer.<\/p>\n<p>[\/et_pb_blurb][\/et_pb_column][et_pb_column type=&#8221;1_3&#8243; _builder_version=&#8221;4.16&#8243; global_colors_info=&#8221;{}&#8221;][et_pb_blurb title=&#8221;JEDEN MONAT NEU!&#8221; image=&#8221;https:\/\/shop.quizmacher.ch\/wp-content\/uploads\/2023\/06\/dome6426_a_monthly_calendar_icon__gamercore_flickr_darkly_comed_d372f4c7-8967-45f1-a07a-29b72c1ca625.png&#8221; image_icon_width=&#8221;64%&#8221; _builder_version=&#8221;4.18.0&#8243; header_font=&#8221;Montserrat|900|on||||||&#8221; header_text_color=&#8221;#FFFFFF&#8221; header_font_size=&#8221;30px&#8221; header_line_height=&#8221;1.2em&#8221; body_font=&#8221;Montserrat||||||||&#8221; body_font_size=&#8221;16px&#8221; body_line_height=&#8221;1.8em&#8221; text_orientation=&#8221;center&#8221; background_layout=&#8221;dark&#8221; custom_margin=&#8221;||10px||false|false&#8221; animation=&#8221;off&#8221; header_font_size_phone=&#8221;20px&#8221; body_font_size_tablet=&#8221;15px&#8221; body_font_size_phone=&#8221;14px&#8221; body_font_size_last_edited=&#8221;on|phone&#8221; locked=&#8221;off&#8221; global_colors_info=&#8221;{}&#8221;]<\/p>\n<p>Wir erstellen jeden Monat 20 neue &amp; aktuelle lustige Fragen.<\/p>\n<p>[\/et_pb_blurb][\/et_pb_column][\/et_pb_row][et_pb_row _builder_version=&#8221;4.18.0&#8243; _module_preset=&#8221;default&#8221; global_colors_info=&#8221;{}&#8221;][et_pb_column type=&#8221;4_4&#8243; _builder_version=&#8221;4.18.0&#8243; _module_preset=&#8221;default&#8221; global_colors_info=&#8221;{}&#8221;][et_pb_accordion open_toggle_text_color=&#8221;#000000&#8243; _builder_version=&#8221;4.18.0&#8243; _module_preset=&#8221;default&#8221; toggle_text_color=&#8221;#007FE0&#8243; toggle_font=&#8221;|800|||||||&#8221; background_color=&#8221;#000000&#8243; global_colors_info=&#8221;{}&#8221;][et_pb_accordion_item title=&#8221;Was bekomme ich? (Lieferumfang)&#8221; open=&#8221;on&#8221; _builder_version=&#8221;4.18.0&#8243; _module_preset=&#8221;default&#8221; global_colors_info=&#8221;{}&#8221;]<\/p>\n<p>Unser Quiz besteht aus 20 Fragen und dauert ca. 2x 30min. Nach der Zahlung erh\u00e4ltst du eine ZIP-Datei per Mail, darin findest du:<\/p>\n<ul>\n<li>Anleitung als PDF<\/li>\n<li>Fragebl\u00e4tter f\u00fcr die Teams (A4-PDF)<\/li>\n<li>Bilderbl\u00e4tter f\u00fcr die Teams (A4-PDF)<\/li>\n<li>L\u00f6sungsblatt (A4-PDF)<\/li>\n<li>Moderationskarten (A5-PDF)<\/li>\n<li>Audiodateien f\u00fcr Audiofragen<\/li>\n<li>Link zur Onlineversion des Quiz (f\u00fcr Beamer, Desktop, Mobile)<\/li>\n<\/ul>\n<p>Solltest du danach noch Fragen haben wende dich an <a href=\"mailto:support@quizabo.ch\">support@quizabo.ch<\/a> wir helfen dir gerne weiter.<\/p>\n<p>[\/et_pb_accordion_item][et_pb_accordion_item title=&#8221;F\u00fcr wen eignet sich das Quiz?&#8221; _builder_version=&#8221;4.18.0&#8243; _module_preset=&#8221;default&#8221; global_colors_info=&#8221;{}&#8221; open=&#8221;off&#8221;]<\/p>\n<p>F\u00fcr Personen von 16 -99+ Jahren. Die Leuten spielen in Teams, es k\u00f6nnen also auch j\u00fcngere zusammen mit \u00e4lteren spielen.<\/p>\n<p>[\/et_pb_accordion_item][\/et_pb_accordion][\/et_pb_column][\/et_pb_row][et_pb_row _builder_version=&#8221;4.16&#8243; global_colors_info=&#8221;{}&#8221;][et_pb_column type=&#8221;4_4&#8243; _builder_version=&#8221;4.16&#8243; global_colors_info=&#8221;{}&#8221;][et_pb_button button_url=&#8221;https:\/\/buy.stripe.com\/eVabK5fId0VF6o8aEF&#8221; button_text=&#8221;QUIZPAKET KAUFEN (CHF 69.-)&#8221; button_alignment=&#8221;center&#8221; _builder_version=&#8221;4.18.0&#8243; custom_button=&#8221;on&#8221; button_text_size=&#8221;14px&#8221; button_bg_color=&#8221;#1FD7E0&#8243; button_border_color=&#8221;rgba(0,0,0,0)&#8221; button_border_radius=&#8221;0px&#8221; button_letter_spacing=&#8221;2px&#8221; button_font=&#8221;Montserrat|700||on|||||&#8221; button_icon=&#8221;$||divi||400&#8243; background_layout=&#8221;dark&#8221; custom_margin=&#8221;30px||||false|false&#8221; custom_margin_phone=&#8221;|||60px|false|false&#8221; custom_margin_last_edited=&#8221;off|desktop&#8221; custom_padding=&#8221;15px|40px|15px|40px|true|true&#8221; custom_padding_last_edited=&#8221;off|phone&#8221; locked=&#8221;off&#8221; global_colors_info=&#8221;{}&#8221;][\/et_pb_button][\/et_pb_column][\/et_pb_row][et_pb_row _builder_version=&#8221;4.18.0&#8243; _module_preset=&#8221;default&#8221; global_colors_info=&#8221;{}&#8221;][et_pb_column type=&#8221;4_4&#8243; _builder_version=&#8221;4.18.0&#8243; _module_preset=&#8221;default&#8221; global_colors_info=&#8221;{}&#8221;][et_pb_text _builder_version=&#8221;4.18.0&#8243; _module_preset=&#8221;default&#8221; global_colors_info=&#8221;{}&#8221;]<\/p>\n<p style=\"text-align: center;\">F\u00fcr regelm\u00e4ssige Quiz-Events besuche unser g\u00fcnstiges Abo unter <a title=\"QuizAbo.ch - Fixfertiges PubQuiz f\u00fcr deine Location\" href=\"https:\/\/www.quizabo.ch\">QuizAbo.ch<\/a><\/p>\n<p>[\/et_pb_text][\/et_pb_column][\/et_pb_row][\/et_pb_section][et_pb_section fb_built=&#8221;1&#8243; admin_label=&#8221;Footer&#8221; _builder_version=&#8221;4.18.0&#8243; use_background_color_gradient=&#8221;on&#8221; background_color_gradient_type=&#8221;circular&#8221; background_color_gradient_stops=&#8221;#474747 0%|#000000 100%&#8221; locked=&#8221;off&#8221; collapsed=&#8221;on&#8221; global_colors_info=&#8221;{}&#8221;][et_pb_row column_structure=&#8221;1_3,1_3,1_3&#8243; _builder_version=&#8221;4.18.0&#8243; global_colors_info=&#8221;{}&#8221;][et_pb_column type=&#8221;1_3&#8243; _builder_version=&#8221;4.18.0&#8243; global_colors_info=&#8221;{}&#8221;][et_pb_text _builder_version=&#8221;4.18.0&#8243; text_font=&#8221;Montserrat||||||||&#8221; text_font_size=&#8221;16px&#8221; text_line_height=&#8221;1.8em&#8221; header_4_font=&#8221;Montserrat|700|||||||&#8221; header_4_line_height=&#8221;1.8em&#8221; text_font_size_tablet=&#8221;15px&#8221; text_font_size_phone=&#8221;14px&#8221; text_font_size_last_edited=&#8221;on|phone&#8221; global_colors_info=&#8221;{}&#8221;]<\/p>\n<h4><span style=\"color: #999999;\">Kontakt<\/span><\/h4>\n<p><span style=\"color: #999999;\">D. Zach<\/span><br \/>\n<span style=\"color: #999999;\">Quizmacher.ch<\/span><br \/>\n<span style=\"text-decoration: underline;\"><span style=\"color: #999999;\"><a style=\"color: #999999; text-decoration: underline;\" href=\"mailto:dominic.zach@quizmacher.ch\">dominic.zach@quizmacher.ch<\/a><\/span><\/span><\/p>\n<p>[\/et_pb_text][\/et_pb_column][et_pb_column type=&#8221;1_3&#8243; _builder_version=&#8221;4.16&#8243; global_colors_info=&#8221;{}&#8221;][et_pb_text _builder_version=&#8221;4.18.0&#8243; text_font=&#8221;Montserrat||||||||&#8221; text_font_size=&#8221;16px&#8221; text_line_height=&#8221;1.8em&#8221; header_4_font=&#8221;Montserrat|700|||||||&#8221; header_4_line_height=&#8221;1.8em&#8221; text_font_size_tablet=&#8221;15px&#8221; text_font_size_phone=&#8221;14px&#8221; text_font_size_last_edited=&#8221;on|phone&#8221; locked=&#8221;off&#8221; global_colors_info=&#8221;{}&#8221;]<\/p>\n<h4><span style=\"color: #999999;\">Impressum<\/span><\/h4>\n<p><span style=\"color: #999999;\">Quizmacher.ch &#8211; D. Zach<\/span><br \/>\n<span style=\"color: #999999;\">Rosenweg 15<\/span><br \/>\n<span style=\"color: #999999;\">3007 Bern<\/span><\/p>\n<p>[\/et_pb_text][\/et_pb_column][et_pb_column type=&#8221;1_3&#8243; _builder_version=&#8221;4.16&#8243; global_colors_info=&#8221;{}&#8221;][\/et_pb_column][\/et_pb_row][\/et_pb_section]<\/p>\n","protected":false},"excerpt":{"rendered":"<p>PUBQUIZ 7\/23 \u00ab GURTEN, GURKEN, WASSERSPASS\u00bb. Nur jetzt mit Sommer-Spezialrabatt (- 63%) Dein Quizpaket zum Selber-Moderieren Materialien als PDF zum Ausdrucken inkl. Link zum Pr\u00e4sentieren auf Beamer. Wir erstellen jeden Monat 20 neue &amp; aktuelle lustige Fragen. Unser Quiz besteht aus 20 Fragen und dauert ca. 2x 30min. Nach der Zahlung erh\u00e4ltst du eine ZIP-Datei [&hellip;]<\/p>\n","protected":false},"author":1,"featured_media":0,"parent":0,"menu_order":0,"comment_status":"closed","ping_status":"closed","template":"page-template-blank.php","meta":{"_et_pb_use_builder":"on","_et_pb_old_content":"","_et_gb_content_width":"","footnotes":""},"class_list":["post-126","page","type-page","status-publish","hentry"],"jetpack_sharing_enabled":true,"_links":{"self":[{"href":"https:\/\/shop.quizmacher.ch\/index.php?rest_route=\/wp\/v2\/pages\/126","targetHints":{"allow":["GET"]}}],"collection":[{"href":"https:\/\/shop.quizmacher.ch\/index.php?rest_route=\/wp\/v2\/pages"}],"about":[{"href":"https:\/\/shop.quizmacher.ch\/index.php?rest_route=\/wp\/v2\/types\/page"}],"author":[{"embeddable":true,"href":"https:\/\/shop.quizmacher.ch\/index.php?rest_route=\/wp\/v2\/users\/1"}],"replies":[{"embeddable":true,"href":"https:\/\/shop.quizmacher.ch\/index.php?rest_route=%2Fwp%2Fv2%2Fcomments&post=126"}],"version-history":[{"count":30,"href":"https:\/\/shop.quizmacher.ch\/index.php?rest_route=\/wp\/v2\/pages\/126\/revisions"}],"predecessor-version":[{"id":199,"href":"https:\/\/shop.quizmacher.ch\/index.php?rest_route=\/wp\/v2\/pages\/126\/revisions\/199"}],"wp:attachment":[{"href":"https:\/\/shop.quizmacher.ch\/index.php?rest_route=%2Fwp%2Fv2%2Fmedia&parent=126"}],"curies":[{"name":"wp","href":"https:\/\/api.w.org\/{rel}","templated":true}]}}